{"id":210,"date":"2014-10-05T13:51:42","date_gmt":"2014-10-05T13:51:42","guid":{"rendered":"http:\/\/beta.complito.com\/justycja-trans\/?page_id=206"},"modified":"2014-10-05T13:51:42","modified_gmt":"2014-10-05T13:51:42","slug":"transkrypcja","status":"publish","type":"page","link":"http:\/\/www.justycja.co.uk\/translation\/pl\/uslugi\/transkrypcja\/","title":{"rendered":"Transkrypcja"},"content":{"rendered":"<p>Transkrypcja wieloj\u0119zyczna dotyczy tak plik\u00f3w filmowych jak i d\u017awi\u0119kowych i polega na przygotowaniu cyfrowej transkrypcji w dw\u00f3ch lub wi\u0119cej jezykach. Nasi klienci, ktorzy korzystaj\u0105 z tej us\u0142ugi popularnej m.in. w \u015bwiecie <strong>biznesu, medycyny, prawa oraz medi\u00f3w <\/strong><strong>cz\u0119sto<\/strong><strong> <\/strong>uczestnicz\u0105 w spotkaniach, w kt\u00f3rych rozmawia si\u0119 w wi\u0119cej ni\u017c w jednym j\u0119zyku. Dzi\u0119ki naszej wsp\u00f3\u0142pracy z zaufanym, bezpiecznym i rzetelenym dostawc\u0105 us\u0142ug transkrypcji, \u00a0jeste\u015bmy w stanie wyj\u015b\u0107 na przeciw zapotrzebowaniom naszych kient\u00f3w na wieloj\u0119zyczn\u0105 obs\u0142ug\u0119 w stosunkowo kr\u00f3tkim czasie. There are no set up fees or other charges<\/p>\n<ul>\n<li>Brak op\u0142at administracyjnych<\/li>\n<li>Brak potrzeby instalacji nowego oprogramowania<\/li>\n<li>Klienci p\u0142ac\u0105 tylko wtedy kiedy korzystaj\u0105 z naszej us\u0142ugi<\/li>\n<li>Bezpieczny dost\u0119p do konta na ca\u0142ym \u015bwiecie za po\u015brednictwem internet \u00a0<b><\/b><\/li>\n<\/ul>\n<p><b>\u00a0<\/b><\/p>\n<p><strong>Dlaczego warto skorzysta\u0107 z wieloj\u0119zykowej transkrypcji:<\/strong><b><\/b><\/p>\n<p><strong>Szybki<\/strong>\u00a0czas realizacji nagrania<\/p>\n<p><b>Bardzo do\u015bwiadczona <\/b>kadra specjalist\u00f3w w dziedzinie transkrypcji z u\u017cyciem systemu File Tracker, Nagra\u0144 z u\u017cyciem telefonu oraz us\u0142ugi Voice to Email<\/p>\n<p><strong>Gwarantowana<\/strong>\u00a0dost\u0119pno\u015b\u0107 przez 7 dni w tygodniu<\/p>\n<p>Transkrypcja tak w <b>j\u0119zyku angielskim jak i wszystkich j\u0119zykach Europy \u015arodkowo-Wschodniej\u00a0<\/b><\/p>\n","protected":false},"excerpt":{"rendered":"<p>Transkrypcja wieloj\u0119zyczna dotyczy tak plik\u00f3w filmowych jak i d\u017awi\u0119kowych i polega na przygotowaniu cyfrowej transkrypcji w dw\u00f3ch lub wi\u0119cej jezykach. Nasi klienci, ktorzy korzystaj\u0105 z tej us\u0142ugi popularnej m.in. w \u015bwiecie biznesu, medycyny, prawa oraz medi\u00f3w cz\u0119sto uczestnicz\u0105 w spotkaniach, w kt\u00f3rych rozmawia si\u0119 w wi\u0119cej ni\u017c w jednym j\u0119zyku. Dzi\u0119ki naszej wsp\u00f3\u0142pracy z zaufanym, [&hellip;]<\/p>\n","protected":false},"author":1,"featured_media":0,"parent":208,"menu_order":0,"comment_status":"open","ping_status":"open","template":"content-sidebar.php","meta":{"_locale":"pl_PL","_original_post":"196","footnotes":""},"class_list":["post-210","page","type-page","status-publish","hentry","pl-PL"],"acf":[],"_links":{"self":[{"href":"http:\/\/www.justycja.co.uk\/translation\/wp-json\/wp\/v2\/pages\/210","targetHints":{"allow":["GET"]}}],"collection":[{"href":"http:\/\/www.justycja.co.uk\/translation\/wp-json\/wp\/v2\/pages"}],"about":[{"href":"http:\/\/www.justycja.co.uk\/translation\/wp-json\/wp\/v2\/types\/page"}],"author":[{"embeddable":true,"href":"http:\/\/www.justycja.co.uk\/translation\/wp-json\/wp\/v2\/users\/1"}],"replies":[{"embeddable":true,"href":"http:\/\/www.justycja.co.uk\/translation\/wp-json\/wp\/v2\/comments?post=210"}],"version-history":[{"count":0,"href":"http:\/\/www.justycja.co.uk\/translation\/wp-json\/wp\/v2\/pages\/210\/revisions"}],"up":[{"embeddable":true,"href":"http:\/\/www.justycja.co.uk\/translation\/wp-json\/wp\/v2\/pages\/208"}],"wp:attachment":[{"href":"http:\/\/www.justycja.co.uk\/translation\/wp-json\/wp\/v2\/media?parent=210"}],"curies":[{"name":"wp","href":"https:\/\/api.w.org\/{rel}","templated":true}]}}