{"id":208,"date":"2014-10-05T13:49:23","date_gmt":"2014-10-05T13:49:23","guid":{"rendered":"http:\/\/beta.complito.com\/justycja-trans\/?page_id=203"},"modified":"2014-10-05T13:49:23","modified_gmt":"2014-10-05T13:49:23","slug":"uslugi","status":"publish","type":"page","link":"http:\/\/www.justycja.co.uk\/translation\/pl\/uslugi\/","title":{"rendered":"Us\u0142ugi"},"content":{"rendered":"<p>Naszym zadaniem jest umo\u017cliwienie efektywnej komunikacji poprzez \u015bwiadczenie\u00a0<b>rzetelnych, poufnych, bezstronnych\u00a0<\/b>oraz\u00a0<b>terminowych\u00a0<\/b>us\u0142ug t\u0142umaczeniowych przez 24 godziny na dob\u0119, 7 dni w tygodniu.<\/p>\n<p>Ponadto, oferujemy atrakcyjne ceny zachowuj\u0105c dba\u0142o\u015b\u0107 o najwy\u017csza jako\u015b\u0107 naszych us\u0142ug. Czy to jest mo\u017cliwe? Oczywi\u015bcie! Jeste\u015bmy w stanie sprosta\u0107 oczekiwaniom naszych klient\u00f3w dzi\u0119ki elastycznemu systemowi wyceny. Nasze op\u0142aty wynikaj\u0105 z poziomu ekspertyzy t\u0142umacza oraz terminu realizacji zam\u00f3wienia wymaganego przez klienta. Dlatego te\u017c mog\u0105 Pa\u0144stwo spodziewa\u0107 si\u0119 rozs\u0105dnych cen w przypadku zwyczajnych t\u0142umacze\u0144, np. aktu urodzenia, jak r\u00f3wnie\u017c mo\u017cliwo\u015bci realizacji bardziej wymagaj\u0105cych, pilnie potrzebnych wieloj\u0119zycznych zam\u00f3wie\u0144 na t\u0142umaczenie ustne.<\/p>\n","protected":false},"excerpt":{"rendered":"<p>Naszym zadaniem jest umo\u017cliwienie efektywnej komunikacji poprzez \u015bwiadczenie\u00a0rzetelnych, poufnych, bezstronnych\u00a0oraz\u00a0terminowych\u00a0us\u0142ug t\u0142umaczeniowych przez 24 godziny na dob\u0119, 7 dni w tygodniu. Ponadto, oferujemy atrakcyjne ceny zachowuj\u0105c dba\u0142o\u015b\u0107 o najwy\u017csza jako\u015b\u0107 naszych us\u0142ug. Czy to jest mo\u017cliwe? Oczywi\u015bcie! Jeste\u015bmy w stanie sprosta\u0107 oczekiwaniom naszych klient\u00f3w dzi\u0119ki elastycznemu systemowi wyceny. Nasze op\u0142aty wynikaj\u0105 z poziomu ekspertyzy t\u0142umacza oraz [&hellip;]<\/p>\n","protected":false},"author":1,"featured_media":14,"parent":0,"menu_order":0,"comment_status":"open","ping_status":"open","template":"content-sidebar.php","meta":{"_locale":"pl_PL","_original_post":"48","footnotes":""},"class_list":["post-208","page","type-page","status-publish","has-post-thumbnail","hentry","pl-PL"],"acf":[],"_links":{"self":[{"href":"http:\/\/www.justycja.co.uk\/translation\/wp-json\/wp\/v2\/pages\/208","targetHints":{"allow":["GET"]}}],"collection":[{"href":"http:\/\/www.justycja.co.uk\/translation\/wp-json\/wp\/v2\/pages"}],"about":[{"href":"http:\/\/www.justycja.co.uk\/translation\/wp-json\/wp\/v2\/types\/page"}],"author":[{"embeddable":true,"href":"http:\/\/www.justycja.co.uk\/translation\/wp-json\/wp\/v2\/users\/1"}],"replies":[{"embeddable":true,"href":"http:\/\/www.justycja.co.uk\/translation\/wp-json\/wp\/v2\/comments?post=208"}],"version-history":[{"count":0,"href":"http:\/\/www.justycja.co.uk\/translation\/wp-json\/wp\/v2\/pages\/208\/revisions"}],"wp:featuredmedia":[{"embeddable":true,"href":"http:\/\/www.justycja.co.uk\/translation\/wp-json\/"}],"wp:attachment":[{"href":"http:\/\/www.justycja.co.uk\/translation\/wp-json\/wp\/v2\/media?parent=208"}],"curies":[{"name":"wp","href":"https:\/\/api.w.org\/{rel}","templated":true}]}}