{"id":589,"date":"2016-01-03T11:40:52","date_gmt":"2016-01-03T11:40:52","guid":{"rendered":"http:\/\/justycja.co.uk\/legal\/?page_id=589"},"modified":"2016-01-03T11:40:52","modified_gmt":"2016-01-03T11:40:52","slug":"immigration-law-incl-residence-passport","status":"publish","type":"page","link":"http:\/\/www.justycja.co.uk\/legal\/pl\/uslugi\/immigration-law-incl-residence-passport\/","title":{"rendered":"Prawo imigracyjne (w tym rezydentura i obywatelstwo)"},"content":{"rendered":"<p>Zastanawiasz si\u0119 nad z\u0142o\u017ceniem wniosku o wydanie brytyjskiego paszportu? By\u0107 mo\u017ce chcia\u0142(a)by\u015b stara\u0107 o wydanie dokumentu potwierdzaj\u0105cego status sta\u0142ego rezydenta? Ch\u0119tnie pomo\u017cemy Ci znale\u017a\u0107 najlepsze rozwi\u0105zanie dzi\u0119ki naszej wsp\u00f3\u0142pracy ze specjalistami w dziedzinie prawa imigracyjnego. <strong>Us\u0142uga ta jest dost\u0119pna dla mieszka\u0144c\u00f3w ca\u0142ej Wielkiej Brytanii.<\/strong> W szczeg\u00f3lno\u015bci\u00a0mamy przyjemno\u015b\u0107 pomaga\u0107 polskiej spo\u0142eczno\u015bci\u00a0w sprawach zwi\u0105zanych z rezydentur\u0105 oraz uzyskaniem brytyjskiego obywatelstwa.<br \/>\nOd listopada 2015 r. wszyscy obywatele UE w Wielkiej Brytanii musz\u0105 posiada\u0107 dokument potwierdzaj\u0105cy status rezydenta (ang. certificate of permanent residence), aby m\u00f3c otrzyma\u0107 brytyjski paszport, mimo \u017ce dokument ten nie jest obecnie warunkiem koniecznym dla ich pobytu w tym kraju.<br \/>\nKa\u017cde z nas ma inn\u0105 histori\u0119 pobytu, dlatego jest bardzo istotne by przedyskutowa\u0107 nasz\u0105 osobist\u0105 sytuacj\u0119 ze specjalist\u0105 zanim zdecydujemy si\u0119 na jak\u0105kolwiek decyzj\u0119 lub wydatek.<br \/>\nPrawnik mo\u017ce w Twoim imieniu z\u0142o\u017cy\u0107 odpowiednie wnioski i zaj\u0105\u0107 si\u0119 wszelkimi formalno\u015bciami b\u0105d\u017a doradzi\u0107 Ci podczas jednorazowej konsultacji oszcz\u0119dzaj\u0105c Ci sporo trudno\u015bci oraz pieni\u0119dzy.<br \/>\n<p class=\"wpcf7-contact-form-not-found\"><strong>B\u0142\u0105d:<\/strong> Brak formularza kontaktowego.<\/p><\/p>\n","protected":false},"excerpt":{"rendered":"<p>Zastanawiasz si\u0119 nad z\u0142o\u017ceniem wniosku o wydanie brytyjskiego paszportu? By\u0107 mo\u017ce chcia\u0142(a)by\u015b stara\u0107 o wydanie dokumentu potwierdzaj\u0105cego status sta\u0142ego rezydenta? Ch\u0119tnie pomo\u017cemy Ci znale\u017a\u0107 najlepsze rozwi\u0105zanie dzi\u0119ki naszej wsp\u00f3\u0142pracy ze specjalistami w dziedzinie prawa imigracyjnego. Us\u0142uga ta jest dost\u0119pna dla mieszka\u0144c\u00f3w ca\u0142ej Wielkiej Brytanii. W szczeg\u00f3lno\u015bci\u00a0mamy przyjemno\u015b\u0107 pomaga\u0107 polskiej spo\u0142eczno\u015bci\u00a0w sprawach zwi\u0105zanych z rezydentur\u0105 oraz [&hellip;]<\/p>\n","protected":false},"author":2,"featured_media":594,"parent":231,"menu_order":0,"comment_status":"open","ping_status":"open","template":"content-sidebar.php","meta":{"_acf_changed":false,"_locale":"pl_PL","_original_post":"589","footnotes":""},"class_list":["post-589","page","type-page","status-publish","has-post-thumbnail","hentry","pl-PL"],"acf":[],"_links":{"self":[{"href":"http:\/\/www.justycja.co.uk\/legal\/wp-json\/wp\/v2\/pages\/589","targetHints":{"allow":["GET"]}}],"collection":[{"href":"http:\/\/www.justycja.co.uk\/legal\/wp-json\/wp\/v2\/pages"}],"about":[{"href":"http:\/\/www.justycja.co.uk\/legal\/wp-json\/wp\/v2\/types\/page"}],"author":[{"embeddable":true,"href":"http:\/\/www.justycja.co.uk\/legal\/wp-json\/wp\/v2\/users\/2"}],"replies":[{"embeddable":true,"href":"http:\/\/www.justycja.co.uk\/legal\/wp-json\/wp\/v2\/comments?post=589"}],"version-history":[{"count":0,"href":"http:\/\/www.justycja.co.uk\/legal\/wp-json\/wp\/v2\/pages\/589\/revisions"}],"up":[{"embeddable":true,"href":"http:\/\/www.justycja.co.uk\/legal\/wp-json\/wp\/v2\/pages\/231"}],"wp:featuredmedia":[{"embeddable":true,"href":"http:\/\/www.justycja.co.uk\/legal\/wp-json\/"}],"wp:attachment":[{"href":"http:\/\/www.justycja.co.uk\/legal\/wp-json\/wp\/v2\/media?parent=589"}],"curies":[{"name":"wp","href":"https:\/\/api.w.org\/{rel}","templated":true}]}}