{"id":501,"date":"2014-11-07T16:18:38","date_gmt":"2014-11-07T16:18:38","guid":{"rendered":"http:\/\/beta.complito.com\/justycja-legal\/?page_id=501"},"modified":"2014-11-07T16:18:38","modified_gmt":"2014-11-07T16:18:38","slug":"notaryzacja-dokumentow","status":"publish","type":"page","link":"http:\/\/www.justycja.co.uk\/legal\/pl\/uslugi\/notaryzacja-dokumentow\/","title":{"rendered":"Notaryzacja dokument\u00f3w"},"content":{"rendered":"<p>Notary Public mo\u017ce notaryzowa\u0107 (po\u015bwiadcza\u0107 wiarygodno\u015b\u0107) dokument\u00f3w to\u017csamo\u015bci na u\u017cytek komercyjny, miedzynarodowy lub indywidualny, np. w zwi\u0105zku z transakcjami dotycz\u0105cymi nieruchomo\u015bci zagranic\u0105, dokumentami wymaganymi do podr\u00f3\u017cy lub podj\u0119cia pracy. Notary Public mo\u017ce r\u00f3wnie\u017c pom\u00f3c przy staraniu si\u0119 o adopcj\u0119, wiz\u0119 dla dziecka lub sprowadzaniu krewnych z innego kraju. Nasi prawnicy \u015bwiadcz\u0105 mi\u0119dzy innymi nast\u0119puj\u0105ce us\u0142ugi:<br \/>\n&#8211; \u00a0 \u00a0 \u00a0Notaryzowanie kopii t\u0142umacze\u0144, um\u00f3w handlowych, paszport\u00f3w, akt\u00f3w urodzenia, ma\u0142\u017ce\u0144stwa lub \u015bmierci, dyplom\u00f3w oraz tzw.grants of probate, czyli dokument po\u015bwiadczaj\u0105cy autentyczno\u015b\u0107 testamentu, kt\u00f3ry jest wymagany przy uzyskaniu spadku w innym kraju<br \/>\n&#8211; \u00a0 \u00a0 \u00a0 Legalizacja dokument\u00f3w (klauzula apostille) w Biurze Spraw Zagranicznych (Foreign and Commonwealth Office)<br \/>\n&#8211; \u00a0 \u00a0 \u00a0 Pe\u0142nomocnictwa<br \/>\n&#8211; \u00a0 \u00a0 \u00a0 Pisemne o\u015bwiadczenia pod przysi\u0119g\u0105 wymagane np. do wyp\u0142aty emerytury lub renty<br \/>\n<p class=\"wpcf7-contact-form-not-found\"><strong>B\u0142\u0105d:<\/strong> Brak formularza kontaktowego.<\/p><\/p>\n","protected":false},"excerpt":{"rendered":"<p>Notary Public mo\u017ce notaryzowa\u0107 (po\u015bwiadcza\u0107 wiarygodno\u015b\u0107) dokument\u00f3w to\u017csamo\u015bci na u\u017cytek komercyjny, miedzynarodowy lub indywidualny, np. w zwi\u0105zku z transakcjami dotycz\u0105cymi nieruchomo\u015bci zagranic\u0105, dokumentami wymaganymi do podr\u00f3\u017cy lub podj\u0119cia pracy. Notary Public mo\u017ce r\u00f3wnie\u017c pom\u00f3c przy staraniu si\u0119 o adopcj\u0119, wiz\u0119 dla dziecka lub sprowadzaniu krewnych z innego kraju. Nasi prawnicy \u015bwiadcz\u0105 mi\u0119dzy innymi nast\u0119puj\u0105ce us\u0142ugi: [&hellip;]<\/p>\n","protected":false},"author":2,"featured_media":0,"parent":231,"menu_order":0,"comment_status":"open","ping_status":"open","template":"content-sidebar.php","meta":{"_acf_changed":false,"_locale":"pl_PL","_original_post":"357","footnotes":""},"class_list":["post-501","page","type-page","status-publish","hentry","pl-PL"],"acf":[],"_links":{"self":[{"href":"http:\/\/www.justycja.co.uk\/legal\/wp-json\/wp\/v2\/pages\/501","targetHints":{"allow":["GET"]}}],"collection":[{"href":"http:\/\/www.justycja.co.uk\/legal\/wp-json\/wp\/v2\/pages"}],"about":[{"href":"http:\/\/www.justycja.co.uk\/legal\/wp-json\/wp\/v2\/types\/page"}],"author":[{"embeddable":true,"href":"http:\/\/www.justycja.co.uk\/legal\/wp-json\/wp\/v2\/users\/2"}],"replies":[{"embeddable":true,"href":"http:\/\/www.justycja.co.uk\/legal\/wp-json\/wp\/v2\/comments?post=501"}],"version-history":[{"count":0,"href":"http:\/\/www.justycja.co.uk\/legal\/wp-json\/wp\/v2\/pages\/501\/revisions"}],"up":[{"embeddable":true,"href":"http:\/\/www.justycja.co.uk\/legal\/wp-json\/wp\/v2\/pages\/231"}],"wp:attachment":[{"href":"http:\/\/www.justycja.co.uk\/legal\/wp-json\/wp\/v2\/media?parent=501"}],"curies":[{"name":"wp","href":"https:\/\/api.w.org\/{rel}","templated":true}]}}