{"id":432,"date":"2014-11-05T13:15:39","date_gmt":"2014-11-05T13:15:39","guid":{"rendered":"http:\/\/beta.complito.com\/justycja-legal\/?page_id=432"},"modified":"2014-11-05T13:15:39","modified_gmt":"2014-11-05T13:15:39","slug":"o-nas","status":"publish","type":"page","link":"http:\/\/www.justycja.co.uk\/legal\/pl\/o-nas\/","title":{"rendered":"O nas"},"content":{"rendered":"<p>Justycja oferuje unikalne us\u0142ugi w postaci t\u0142umacze\u0144 pisemnych oraz ustnych z oraz na j\u0119zyk angielski oraz j\u0119zykach \u00a0Europu \u015arodkowo-Wschodniej dostosowane w szczeg\u00f3lno\u015bci do potrzeb us\u0142ug prawnych.\u00a0Nasza specjalistyczna wiedza na temat potrzeb, problem\u00f3w i wyzwa\u0144 j\u0119zykowych zwi\u0105zanych z r\u00f3\u017cnicami kulturowymi mi\u0119dzy krajami anglosaskimi a krajami Europy \u015arodkowo-Wschodniej wyr\u00f3\u017cnia nas od konkurencji.<br \/>\nDzi\u0119ki naszej wsp\u00f3\u0142pracy z licznymi zawodowymi t\u0142umaczami oraz bieg\u0142ej znajomo\u015bci terminologii prawniczej\u00a0Justycja pomaga zamieszka\u0142ym w Szkocji osobom z Europy \u015arodkowej i Wschodniej cieszy\u0107 si\u0119 takim samym poczuciem bezpiecze\u0144stwa wynikaj\u0105cym ze szkockiego prawa jakie przys\u0142uguje pozosta\u0142ym mieszka\u0144com tego kraju.<br \/>\nNasi klienci osz\u0119dzaj\u0105 dzi\u0119ki nam nie tylko pi\u0119ni\u0105dze, ale r\u00f3wnie\u017c zyskuj\u0105 cenny czas oraz pewno\u015b\u0107, \u017ce sprostamy ich oczekawianiom. Wychodzimy na przeciw barierom j\u0119zykowym i kulturowym, a nasze us\u0142ugi cechuj\u0105 rzetelno\u015b\u0107, bezstronno\u015b\u0107, poufno\u015b\u0107 oraz \u017cyczliwo\u015b\u0107.<\/p>\n","protected":false},"excerpt":{"rendered":"<p>Justycja oferuje unikalne us\u0142ugi w postaci t\u0142umacze\u0144 pisemnych oraz ustnych z oraz na j\u0119zyk angielski oraz j\u0119zykach \u00a0Europu \u015arodkowo-Wschodniej dostosowane w szczeg\u00f3lno\u015bci do potrzeb us\u0142ug prawnych.\u00a0Nasza specjalistyczna wiedza na temat potrzeb, problem\u00f3w i wyzwa\u0144 j\u0119zykowych zwi\u0105zanych z r\u00f3\u017cnicami kulturowymi mi\u0119dzy krajami anglosaskimi a krajami Europy \u015arodkowo-Wschodniej wyr\u00f3\u017cnia nas od konkurencji. Dzi\u0119ki naszej wsp\u00f3\u0142pracy z licznymi [&hellip;]<\/p>\n","protected":false},"author":2,"featured_media":87,"parent":0,"menu_order":0,"comment_status":"open","ping_status":"open","template":"content-standard.php","meta":{"_acf_changed":false,"_locale":"pl_PL","_original_post":"368","footnotes":""},"class_list":["post-432","page","type-page","status-publish","has-post-thumbnail","hentry","pl-PL"],"acf":[],"_links":{"self":[{"href":"http:\/\/www.justycja.co.uk\/legal\/wp-json\/wp\/v2\/pages\/432","targetHints":{"allow":["GET"]}}],"collection":[{"href":"http:\/\/www.justycja.co.uk\/legal\/wp-json\/wp\/v2\/pages"}],"about":[{"href":"http:\/\/www.justycja.co.uk\/legal\/wp-json\/wp\/v2\/types\/page"}],"author":[{"embeddable":true,"href":"http:\/\/www.justycja.co.uk\/legal\/wp-json\/wp\/v2\/users\/2"}],"replies":[{"embeddable":true,"href":"http:\/\/www.justycja.co.uk\/legal\/wp-json\/wp\/v2\/comments?post=432"}],"version-history":[{"count":0,"href":"http:\/\/www.justycja.co.uk\/legal\/wp-json\/wp\/v2\/pages\/432\/revisions"}],"wp:featuredmedia":[{"embeddable":true,"href":"http:\/\/www.justycja.co.uk\/legal\/wp-json\/"}],"wp:attachment":[{"href":"http:\/\/www.justycja.co.uk\/legal\/wp-json\/wp\/v2\/media?parent=432"}],"curies":[{"name":"wp","href":"https:\/\/api.w.org\/{rel}","templated":true}]}}