{"id":256,"date":"2014-10-05T14:42:01","date_gmt":"2014-10-05T14:42:01","guid":{"rendered":"http:\/\/beta.complito.com\/justycja-legal\/?page_id=256"},"modified":"2014-10-05T14:42:01","modified_gmt":"2014-10-05T14:42:01","slug":"pelnomocnictwa-opieka-prawna-oraz-testamenty","status":"publish","type":"page","link":"http:\/\/www.justycja.co.uk\/legal\/pl\/uslugi\/pelnomocnictwa-opieka-prawna-oraz-testamenty\/","title":{"rendered":"Pe\u0142nomocnictwa, opieka prawna oraz testamenty"},"content":{"rendered":"<p>Wi\u0119kszo\u015b\u0107 z nas nie lubi my\u015ble\u0107 o sporz\u0105dzeniu testamentu. Niemniej jednak powinni\u015bmy to zrobi\u0107. Je\u015bli nie masz jeszcze testamentu mo\u017cesz przysporzy\u0107 swojej rodzinie lub bliskim dodatkowych powod\u00f3w do zmartwie\u0144. Za jego pomoc\u0105 mo\u017cesz zadecydowa\u0107 ju\u017c dzi\u015b co stanie si\u0119 z Twoim maj\u0105tkiem.<br \/>\n<b>Pe\u0142nomocnictwo<\/b> (w Polsce) oraz <b>Power of Attorney <\/b>(w Wielkiej Brytanii) pozwala Ci upowa\u017cni\u0107 osob\u0119, kt\u00f3rej ufasz do reprezentowania Ciebie kiedy nie b\u0119dziesz m\u00f3g\u0142 \u00a0zajmowa\u0107 si\u0119 swoimi sprawami samodzielnie. Niepe\u0142nosprawno\u015b\u0107 umys\u0142owa lub fizyczna mo\u017ce dotkn\u0105\u0107 ka\u017cdego, a w dodatku ryzyko zwi\u0119ksza si\u0119 wraz z wiekiem. Prawnicy z kancelarii CBC posiadaj\u0105 wieloletnie do\u015bwiadczenie w tym zakresie. Pomog\u0105 obja\u015bni\u0107 korzy\u015bci wynikaj\u0105ce z posiadania pe\u0142nomocnictwa\/Power of Attorney.<br \/>\nJe\u015bli kto\u015b utraci mo\u017cliwo\u015b\u0107 decydowania o sobie, a nie mia\u0142 wcze\u015bniej pe\u0142nomocnictwa lub Power of Attorney, rozwi\u0105zaniem jest zwykle ustalenie opieki prawnej (w Szkocji jest to guardianship). Mo\u017cemy pom\u00f3c Ci r\u00f3wnie\u017c w tej trudnej sytuacji.<\/p>\n","protected":false},"excerpt":{"rendered":"<p>Wi\u0119kszo\u015b\u0107 z nas nie lubi my\u015ble\u0107 o sporz\u0105dzeniu testamentu. Niemniej jednak powinni\u015bmy to zrobi\u0107. Je\u015bli nie masz jeszcze testamentu mo\u017cesz przysporzy\u0107 swojej rodzinie lub bliskim dodatkowych powod\u00f3w do zmartwie\u0144. Za jego pomoc\u0105 mo\u017cesz zadecydowa\u0107 ju\u017c dzi\u015b co stanie si\u0119 z Twoim maj\u0105tkiem. Pe\u0142nomocnictwo (w Polsce) oraz Power of Attorney (w Wielkiej Brytanii) pozwala Ci upowa\u017cni\u0107 [&hellip;]<\/p>\n","protected":false},"author":2,"featured_media":0,"parent":231,"menu_order":0,"comment_status":"open","ping_status":"open","template":"content-sidebar.php","meta":{"_acf_changed":false,"_locale":"pl_PL","_original_post":"140","footnotes":""},"class_list":["post-256","page","type-page","status-publish","hentry","pl-PL"],"acf":[],"_links":{"self":[{"href":"http:\/\/www.justycja.co.uk\/legal\/wp-json\/wp\/v2\/pages\/256","targetHints":{"allow":["GET"]}}],"collection":[{"href":"http:\/\/www.justycja.co.uk\/legal\/wp-json\/wp\/v2\/pages"}],"about":[{"href":"http:\/\/www.justycja.co.uk\/legal\/wp-json\/wp\/v2\/types\/page"}],"author":[{"embeddable":true,"href":"http:\/\/www.justycja.co.uk\/legal\/wp-json\/wp\/v2\/users\/2"}],"replies":[{"embeddable":true,"href":"http:\/\/www.justycja.co.uk\/legal\/wp-json\/wp\/v2\/comments?post=256"}],"version-history":[{"count":0,"href":"http:\/\/www.justycja.co.uk\/legal\/wp-json\/wp\/v2\/pages\/256\/revisions"}],"up":[{"embeddable":true,"href":"http:\/\/www.justycja.co.uk\/legal\/wp-json\/wp\/v2\/pages\/231"}],"wp:attachment":[{"href":"http:\/\/www.justycja.co.uk\/legal\/wp-json\/wp\/v2\/media?parent=256"}],"curies":[{"name":"wp","href":"https:\/\/api.w.org\/{rel}","templated":true}]}}