{"id":254,"date":"2014-10-05T14:49:47","date_gmt":"2014-10-05T14:49:47","guid":{"rendered":"http:\/\/beta.complito.com\/justycja-legal\/?page_id=254"},"modified":"2014-10-05T14:49:47","modified_gmt":"2014-10-05T14:49:47","slug":"zwroty-payment-protection-insurance-ppi-brak-wygranej-brak-oplat","status":"publish","type":"page","link":"http:\/\/www.justycja.co.uk\/legal\/pl\/uslugi\/zwroty-payment-protection-insurance-ppi-brak-wygranej-brak-oplat\/","title":{"rendered":"Zwroty Payment Protection Insurance\/ PPI  (BRAK WYGRANEJ BRAK OP\u0141AT)"},"content":{"rendered":"<p>Tysi\u0105ce os\u00f3b z Europy \u015arodkowo-Wschodniej pad\u0142o ofiar\u0105 nieprawid\u0142owo sprzedanego ubezpieczenia PPI. Je\u015bli jeste\u015b jedn\u0105 z tych os\u00f3b skontaktuj si\u0119 z nami. Justycja pomog\u0142a ju\u017c wielu osobom prywatnym jak i rodzinom odzyska\u0107 swoje pieni\u0105dze.<br \/>\nWsp\u00f3\u0142pracujemy z jedn\u0105 z pierwszych i najbardziej do\u015bwiadczonych w Szkocji kancelarii zajmuj\u0105cych si\u0119 zwrotami PPI, Carr Berman Crichton Solicitors.<br \/>\nPodejrzane warunki umowy o po\u017cyczk\u0119, karty kredytowej czy kredytu mieszkaniowego? Niejasne klauzule w umowie z bankiem? Skontaktuj si\u0119 z nami, a my rozwi\u0105\u017cemy t\u0119 spraw\u0119 dla Ciebie!<br \/>\nWi\u0119cej informacji na \u00a0<a href=\"http:\/\/www.cbcsolicitors.co.uk\/PPI-Claims\/payment-protection-insurance-claims.html\">http:\/\/www.cbcsolicitors.co.uk\/PPI-Claims\/payment-protection-insurance-claims.html<\/a><\/p>\n","protected":false},"excerpt":{"rendered":"<p>Tysi\u0105ce os\u00f3b z Europy \u015arodkowo-Wschodniej pad\u0142o ofiar\u0105 nieprawid\u0142owo sprzedanego ubezpieczenia PPI. Je\u015bli jeste\u015b jedn\u0105 z tych os\u00f3b skontaktuj si\u0119 z nami. Justycja pomog\u0142a ju\u017c wielu osobom prywatnym jak i rodzinom odzyska\u0107 swoje pieni\u0105dze. Wsp\u00f3\u0142pracujemy z jedn\u0105 z pierwszych i najbardziej do\u015bwiadczonych w Szkocji kancelarii zajmuj\u0105cych si\u0119 zwrotami PPI, Carr Berman Crichton Solicitors. Podejrzane warunki umowy [&hellip;]<\/p>\n","protected":false},"author":2,"featured_media":0,"parent":231,"menu_order":0,"comment_status":"open","ping_status":"open","template":"content-sidebar.php","meta":{"_acf_changed":false,"_locale":"pl_PL","_original_post":"138","footnotes":""},"class_list":["post-254","page","type-page","status-publish","hentry","pl-PL"],"acf":[],"_links":{"self":[{"href":"http:\/\/www.justycja.co.uk\/legal\/wp-json\/wp\/v2\/pages\/254","targetHints":{"allow":["GET"]}}],"collection":[{"href":"http:\/\/www.justycja.co.uk\/legal\/wp-json\/wp\/v2\/pages"}],"about":[{"href":"http:\/\/www.justycja.co.uk\/legal\/wp-json\/wp\/v2\/types\/page"}],"author":[{"embeddable":true,"href":"http:\/\/www.justycja.co.uk\/legal\/wp-json\/wp\/v2\/users\/2"}],"replies":[{"embeddable":true,"href":"http:\/\/www.justycja.co.uk\/legal\/wp-json\/wp\/v2\/comments?post=254"}],"version-history":[{"count":0,"href":"http:\/\/www.justycja.co.uk\/legal\/wp-json\/wp\/v2\/pages\/254\/revisions"}],"up":[{"embeddable":true,"href":"http:\/\/www.justycja.co.uk\/legal\/wp-json\/wp\/v2\/pages\/231"}],"wp:attachment":[{"href":"http:\/\/www.justycja.co.uk\/legal\/wp-json\/wp\/v2\/media?parent=254"}],"curies":[{"name":"wp","href":"https:\/\/api.w.org\/{rel}","templated":true}]}}