{"id":248,"date":"2014-10-05T14:38:40","date_gmt":"2014-10-05T14:38:40","guid":{"rendered":"http:\/\/beta.complito.com\/justycja-legal\/?page_id=248"},"modified":"2014-10-05T14:38:40","modified_gmt":"2014-10-05T14:38:40","slug":"spory-sadowe","status":"publish","type":"page","link":"http:\/\/www.justycja.co.uk\/legal\/pl\/uslugi\/spory-sadowe\/","title":{"rendered":"Spory s\u0105dowe"},"content":{"rendered":"<p>Zawierasz umowy dotycz\u0105ce towar\u00f3w i us\u0142ug ca\u0142y czas \u2013 czy to w supermarkecie, czy wynajmuj\u0105c samoch\u00f3d czy te\u017c korzystaj\u0105c z us\u0142ug bankowych. Zwykle wszystko idzie jak z p\u0142atka, ale czasami mo\u017cemy zazna\u0107 przykrej niespodzianki. By\u0107 mo\u017ce kto\u015b winien Ci jest pieni\u0105dze lub nies\u0142usznie uwa\u017ca Ciebie za d\u0142u\u017cnika? \u00a0By\u0107 mo\u017ce sprzedano Ci wadliwy towar lub obs\u0142uga klienta narazi\u0142a Ci\u0119 na straty?<br \/>\nCzasem jedynym rozwi\u0105zaniem jest pozew, ale warto wiedzie\u0107 r\u00f3wnie\u017c o innych metodach takich jak mediacja, arbitra\u017c czy te\u017c negocjacje. Z przyjemno\u015bci\u0105 doradzimy Ci jak najskuteczniej upora\u0107 si\u0119 z Twoim problemem.<br \/>\n<p class=\"wpcf7-contact-form-not-found\"><strong>B\u0142\u0105d:<\/strong> Brak formularza kontaktowego.<\/p><br \/>\n&nbsp;<\/p>\n","protected":false},"excerpt":{"rendered":"<p>Zawierasz umowy dotycz\u0105ce towar\u00f3w i us\u0142ug ca\u0142y czas \u2013 czy to w supermarkecie, czy wynajmuj\u0105c samoch\u00f3d czy te\u017c korzystaj\u0105c z us\u0142ug bankowych. Zwykle wszystko idzie jak z p\u0142atka, ale czasami mo\u017cemy zazna\u0107 przykrej niespodzianki. By\u0107 mo\u017ce kto\u015b winien Ci jest pieni\u0105dze lub nies\u0142usznie uwa\u017ca Ciebie za d\u0142u\u017cnika? \u00a0By\u0107 mo\u017ce sprzedano Ci wadliwy towar lub obs\u0142uga [&hellip;]<\/p>\n","protected":false},"author":2,"featured_media":0,"parent":231,"menu_order":0,"comment_status":"open","ping_status":"open","template":"content-sidebar.php","meta":{"_acf_changed":false,"_locale":"pl_PL","_original_post":"206","footnotes":""},"class_list":["post-248","page","type-page","status-publish","hentry","pl-PL"],"acf":[],"_links":{"self":[{"href":"http:\/\/www.justycja.co.uk\/legal\/wp-json\/wp\/v2\/pages\/248","targetHints":{"allow":["GET"]}}],"collection":[{"href":"http:\/\/www.justycja.co.uk\/legal\/wp-json\/wp\/v2\/pages"}],"about":[{"href":"http:\/\/www.justycja.co.uk\/legal\/wp-json\/wp\/v2\/types\/page"}],"author":[{"embeddable":true,"href":"http:\/\/www.justycja.co.uk\/legal\/wp-json\/wp\/v2\/users\/2"}],"replies":[{"embeddable":true,"href":"http:\/\/www.justycja.co.uk\/legal\/wp-json\/wp\/v2\/comments?post=248"}],"version-history":[{"count":0,"href":"http:\/\/www.justycja.co.uk\/legal\/wp-json\/wp\/v2\/pages\/248\/revisions"}],"up":[{"embeddable":true,"href":"http:\/\/www.justycja.co.uk\/legal\/wp-json\/wp\/v2\/pages\/231"}],"wp:attachment":[{"href":"http:\/\/www.justycja.co.uk\/legal\/wp-json\/wp\/v2\/media?parent=248"}],"curies":[{"name":"wp","href":"https:\/\/api.w.org\/{rel}","templated":true}]}}