{"id":246,"date":"2014-10-05T14:47:06","date_gmt":"2014-10-05T14:47:06","guid":{"rendered":"http:\/\/beta.complito.com\/justycja-legal\/?page_id=246"},"modified":"2014-10-05T14:47:06","modified_gmt":"2014-10-05T14:47:06","slug":"prawo-rodzinne-i-opiekuncze","status":"publish","type":"page","link":"http:\/\/www.justycja.co.uk\/legal\/pl\/uslugi\/prawo-rodzinne-i-opiekuncze\/","title":{"rendered":"Prawo rodzinne i opieku\u0144cze"},"content":{"rendered":"<p>Kiedy rozpada si\u0119 Tw\u00f3j zwi\u0105zek, wypracowanie kompromisu dotycz\u0105cego finans\u00f3w oraz opieki nad dzie\u0107mi mo\u017ce okaza\u0107 si\u0119 wyj\u0105tkowo trudne. Pomo\u017cemy Ci unikn\u0105\u0107 przykrych konfrontacji, kt\u00f3re cz\u0119sto maj\u0105 w takich przypadkach miejsce. Rozw\u00f3d w wyniku rozpadu ma\u0142\u017ce\u0144stwa wymaga post\u0119powania s\u0105dowego, ale je\u015bli jeste\u015b w stanie wypracowa\u0107 kompromis zanim z\u0142o\u017cysz pozew rozwodowy, mo\u017cesz unikn\u0105\u0107 konieczno\u015bci stawienia si\u0119 w s\u0105dzie.<br \/>\nTwoi prawnicy pomog\u0105 Ci upora\u0107 si\u0119 z dokumentacj\u0105. Je\u015bli okoliczno\u015bci otrzymania rozwodu s\u0105 sprzyjaj\u0105ce i nie dotyczy on dzieci poni\u017cej 16 roku \u017cycia, przys\u0142ugiwa\u0107 Ci mo\u017ce uproszczona procedura przyznania rozwodu. Sporym u\u0142atwieniem b\u0119dzie r\u00f3wnie\u017c porozumienie w kwestii separacji. Prawnicy z naszej partnerskiej kancelarii przeprowadz\u0105 Ci\u0119 przez wszystkie procedury uzyskania rozwodu oraz udziel\u0105 praktycznej porady we wszystkich prawnych aspektach z nim zwi\u0105zanych.<br \/>\n&nbsp;<br \/>\n<p class=\"wpcf7-contact-form-not-found\"><strong>B\u0142\u0105d:<\/strong> Brak formularza kontaktowego.<\/p><\/p>\n","protected":false},"excerpt":{"rendered":"<p>Kiedy rozpada si\u0119 Tw\u00f3j zwi\u0105zek, wypracowanie kompromisu dotycz\u0105cego finans\u00f3w oraz opieki nad dzie\u0107mi mo\u017ce okaza\u0107 si\u0119 wyj\u0105tkowo trudne. Pomo\u017cemy Ci unikn\u0105\u0107 przykrych konfrontacji, kt\u00f3re cz\u0119sto maj\u0105 w takich przypadkach miejsce. Rozw\u00f3d w wyniku rozpadu ma\u0142\u017ce\u0144stwa wymaga post\u0119powania s\u0105dowego, ale je\u015bli jeste\u015b w stanie wypracowa\u0107 kompromis zanim z\u0142o\u017cysz pozew rozwodowy, mo\u017cesz unikn\u0105\u0107 konieczno\u015bci stawienia si\u0119 w [&hellip;]<\/p>\n","protected":false},"author":2,"featured_media":0,"parent":231,"menu_order":0,"comment_status":"open","ping_status":"open","template":"content-sidebar.php","meta":{"_acf_changed":false,"_locale":"pl_PL","_original_post":"133","footnotes":""},"class_list":["post-246","page","type-page","status-publish","hentry","pl-PL"],"acf":[],"_links":{"self":[{"href":"http:\/\/www.justycja.co.uk\/legal\/wp-json\/wp\/v2\/pages\/246","targetHints":{"allow":["GET"]}}],"collection":[{"href":"http:\/\/www.justycja.co.uk\/legal\/wp-json\/wp\/v2\/pages"}],"about":[{"href":"http:\/\/www.justycja.co.uk\/legal\/wp-json\/wp\/v2\/types\/page"}],"author":[{"embeddable":true,"href":"http:\/\/www.justycja.co.uk\/legal\/wp-json\/wp\/v2\/users\/2"}],"replies":[{"embeddable":true,"href":"http:\/\/www.justycja.co.uk\/legal\/wp-json\/wp\/v2\/comments?post=246"}],"version-history":[{"count":0,"href":"http:\/\/www.justycja.co.uk\/legal\/wp-json\/wp\/v2\/pages\/246\/revisions"}],"up":[{"embeddable":true,"href":"http:\/\/www.justycja.co.uk\/legal\/wp-json\/wp\/v2\/pages\/231"}],"wp:attachment":[{"href":"http:\/\/www.justycja.co.uk\/legal\/wp-json\/wp\/v2\/media?parent=246"}],"curies":[{"name":"wp","href":"https:\/\/api.w.org\/{rel}","templated":true}]}}