{"id":241,"date":"2014-10-05T14:45:37","date_gmt":"2014-10-05T14:45:37","guid":{"rendered":"http:\/\/beta.complito.com\/justycja-legal\/?page_id=241"},"modified":"2014-10-05T14:45:37","modified_gmt":"2014-10-05T14:45:37","slug":"prawo-pracy-pracownik","status":"publish","type":"page","link":"http:\/\/www.justycja.co.uk\/legal\/pl\/uslugi\/prawo-pracy-pracownik\/","title":{"rendered":"Prawo pracy (pracownik)"},"content":{"rendered":"<p>Je\u015bli ucierpia\u0142e\u015b wskutek wypadku w pracy b\u0105d\u017a zosta\u0142e\u015b bezprawnie zwolniony, skontaktuj si\u0119 z nami. Je\u015bli czujesz si\u0119 ofiar\u0105 dyskryminacji lub uwa\u017casz, \u017ce Twoje prawa pracownika\u00a0 s\u0105 \u0142amane przez pracodawc\u0119. Napisz do nas a skontaktujemy Ci\u0119 ze specjalistami w dziedzinie prawa pracy.<br \/>\n&nbsp;<br \/>\n<p class=\"wpcf7-contact-form-not-found\"><strong>B\u0142\u0105d:<\/strong> Brak formularza kontaktowego.<\/p><\/p>\n","protected":false},"excerpt":{"rendered":"<p>Je\u015bli ucierpia\u0142e\u015b wskutek wypadku w pracy b\u0105d\u017a zosta\u0142e\u015b bezprawnie zwolniony, skontaktuj si\u0119 z nami. Je\u015bli czujesz si\u0119 ofiar\u0105 dyskryminacji lub uwa\u017casz, \u017ce Twoje prawa pracownika\u00a0 s\u0105 \u0142amane przez pracodawc\u0119. Napisz do nas a skontaktujemy Ci\u0119 ze specjalistami w dziedzinie prawa pracy. &nbsp;<\/p>\n","protected":false},"author":2,"featured_media":0,"parent":231,"menu_order":0,"comment_status":"open","ping_status":"open","template":"content-sidebar.php","meta":{"_acf_changed":false,"_locale":"pl_PL","_original_post":"129","footnotes":""},"class_list":["post-241","page","type-page","status-publish","hentry","pl-PL"],"acf":[],"_links":{"self":[{"href":"http:\/\/www.justycja.co.uk\/legal\/wp-json\/wp\/v2\/pages\/241","targetHints":{"allow":["GET"]}}],"collection":[{"href":"http:\/\/www.justycja.co.uk\/legal\/wp-json\/wp\/v2\/pages"}],"about":[{"href":"http:\/\/www.justycja.co.uk\/legal\/wp-json\/wp\/v2\/types\/page"}],"author":[{"embeddable":true,"href":"http:\/\/www.justycja.co.uk\/legal\/wp-json\/wp\/v2\/users\/2"}],"replies":[{"embeddable":true,"href":"http:\/\/www.justycja.co.uk\/legal\/wp-json\/wp\/v2\/comments?post=241"}],"version-history":[{"count":0,"href":"http:\/\/www.justycja.co.uk\/legal\/wp-json\/wp\/v2\/pages\/241\/revisions"}],"up":[{"embeddable":true,"href":"http:\/\/www.justycja.co.uk\/legal\/wp-json\/wp\/v2\/pages\/231"}],"wp:attachment":[{"href":"http:\/\/www.justycja.co.uk\/legal\/wp-json\/wp\/v2\/media?parent=241"}],"curies":[{"name":"wp","href":"https:\/\/api.w.org\/{rel}","templated":true}]}}