{"id":239,"date":"2014-10-05T14:48:23","date_gmt":"2014-10-05T14:48:23","guid":{"rendered":"http:\/\/beta.complito.com\/justycja-legal\/?page_id=239"},"modified":"2014-10-05T14:48:23","modified_gmt":"2014-10-05T14:48:23","slug":"windykacja","status":"publish","type":"page","link":"http:\/\/www.justycja.co.uk\/legal\/pl\/uslugi\/windykacja\/","title":{"rendered":"Windykacja"},"content":{"rendered":"<p>Je\u015bli nie otrzyma\u0142e\u015b nale\u017cnych Tobie pieni\u0119dzy od osoby prywatnej lub organizacji, spotka\u0142e\u015b si\u0119 z odmow\u0105 zap\u0142aty, lub co gorsze czujesz si\u0119 lekcewa\u017cony \u2013 koniecznie skontaktuj si\u0119 z nami. W Twoim imieniu podejmiemy si\u0119 trudnych rozm\u00f3w z d\u0142u\u017cnikiem.<br \/>\n&nbsp;<br \/>\nDzi\u0119ki nam uzyskasz pomoc zaufanej firmy windykacyjnej oferuj\u0105cej swoje us\u0142ugi tak osobom prywatnym jak i ma\u0142ym, \u015brednim a nawet du\u017cym przedsi\u0119biorstwom. W ofercie jest nie tylko pomoc przy odzyskaniu \u00a0nale\u017cenych Ci pieni\u0119dzy, ale r\u00f3wnie\u017c sprawdzone sposoby kontroli nad \u015bci\u0105galno\u015bcia nale\u017cno\u015bci, tak by\u015b drugi raz nie znalaz\u0142 si\u0119 w tym samym miejscu! Nasi partnerzy to specjali\u015bci z ponad 55 letnim do\u015bwiadczeniem w dziedzinie windykacji.<br \/>\n&nbsp;<br \/>\nCo wi\u0119cej, je\u015bli wymagane b\u0119dzie wej\u015bcie na drog\u0119 s\u0105dow\u0105, nasi prawnicy do\u0142o\u017c\u0105 wszelkich stara\u0144 by broni\u0107 Twojego dobrego imienia jednocze\u015bnie oszcz\u0119dzaj\u0105c Ci zb\u0119dnych wydatk\u00f3w.<br \/>\n&nbsp;<br \/>\n<p class=\"wpcf7-contact-form-not-found\"><strong>B\u0142\u0105d:<\/strong> Brak formularza kontaktowego.<\/p><\/p>\n","protected":false},"excerpt":{"rendered":"<p>Je\u015bli nie otrzyma\u0142e\u015b nale\u017cnych Tobie pieni\u0119dzy od osoby prywatnej lub organizacji, spotka\u0142e\u015b si\u0119 z odmow\u0105 zap\u0142aty, lub co gorsze czujesz si\u0119 lekcewa\u017cony \u2013 koniecznie skontaktuj si\u0119 z nami. W Twoim imieniu podejmiemy si\u0119 trudnych rozm\u00f3w z d\u0142u\u017cnikiem. &nbsp; Dzi\u0119ki nam uzyskasz pomoc zaufanej firmy windykacyjnej oferuj\u0105cej swoje us\u0142ugi tak osobom prywatnym jak i ma\u0142ym, \u015brednim [&hellip;]<\/p>\n","protected":false},"author":2,"featured_media":0,"parent":231,"menu_order":0,"comment_status":"open","ping_status":"open","template":"content-sidebar.php","meta":{"_acf_changed":false,"_locale":"pl_PL","_original_post":"117","footnotes":""},"class_list":["post-239","page","type-page","status-publish","hentry","pl-PL"],"acf":[],"_links":{"self":[{"href":"http:\/\/www.justycja.co.uk\/legal\/wp-json\/wp\/v2\/pages\/239","targetHints":{"allow":["GET"]}}],"collection":[{"href":"http:\/\/www.justycja.co.uk\/legal\/wp-json\/wp\/v2\/pages"}],"about":[{"href":"http:\/\/www.justycja.co.uk\/legal\/wp-json\/wp\/v2\/types\/page"}],"author":[{"embeddable":true,"href":"http:\/\/www.justycja.co.uk\/legal\/wp-json\/wp\/v2\/users\/2"}],"replies":[{"embeddable":true,"href":"http:\/\/www.justycja.co.uk\/legal\/wp-json\/wp\/v2\/comments?post=239"}],"version-history":[{"count":0,"href":"http:\/\/www.justycja.co.uk\/legal\/wp-json\/wp\/v2\/pages\/239\/revisions"}],"up":[{"embeddable":true,"href":"http:\/\/www.justycja.co.uk\/legal\/wp-json\/wp\/v2\/pages\/231"}],"wp:attachment":[{"href":"http:\/\/www.justycja.co.uk\/legal\/wp-json\/wp\/v2\/media?parent=239"}],"curies":[{"name":"wp","href":"https:\/\/api.w.org\/{rel}","templated":true}]}}