{"id":237,"date":"2014-10-05T14:49:15","date_gmt":"2014-10-05T14:49:15","guid":{"rendered":"http:\/\/beta.complito.com\/justycja-legal\/?page_id=237"},"modified":"2014-10-05T14:49:15","modified_gmt":"2014-10-05T14:49:15","slug":"zadluzenie-i-niewyplacalnosc","status":"publish","type":"page","link":"http:\/\/www.justycja.co.uk\/legal\/pl\/uslugi\/zadluzenie-i-niewyplacalnosc\/","title":{"rendered":"Zad\u0142u\u017cenie i niewyp\u0142acalno\u015b\u0107"},"content":{"rendered":"<p>Pomagamy osobom prywatnym oraz biznesom upora\u0107 si\u0119 z d\u0142ugami. Je\u015bli zalegasz ze sp\u0142at\u0105 czynszu, kredytu lub po\u017cyczki lub je\u015bli Tw\u00f3j biznes przesta\u0142 by\u0107 op\u0142acalny, skontaktuj si\u0119 z nami.<br \/>\nMo\u017cemy pom\u00f3c Ci skorzysta\u0107 z rozmaitych spos\u00f3b\u00f3w obni\u017cenia zad\u0142u\u017cenia lub pe\u0142nego odd\u0142u\u017cenia zachowuj\u0105c ca\u0142kowit\u0105 dyskrecj\u0119.<br \/>\nW tym celu Justycja wsp\u00f3\u0142pracuje z czo\u0142ow\u0105 szkock\u0105 kancelari\u0105 finansow\u0105 specjalizuj\u0105c\u0105 si\u0119 w problemach z zad\u0142u\u017ceniem. Razem pomo\u017cemy Ci z powrotem stan\u0105\u0107 na nogi.<br \/>\n&nbsp;<br \/>\n<p class=\"wpcf7-contact-form-not-found\"><strong>B\u0142\u0105d:<\/strong> Brak formularza kontaktowego.<\/p><\/p>\n","protected":false},"excerpt":{"rendered":"<p>Pomagamy osobom prywatnym oraz biznesom upora\u0107 si\u0119 z d\u0142ugami. Je\u015bli zalegasz ze sp\u0142at\u0105 czynszu, kredytu lub po\u017cyczki lub je\u015bli Tw\u00f3j biznes przesta\u0142 by\u0107 op\u0142acalny, skontaktuj si\u0119 z nami. Mo\u017cemy pom\u00f3c Ci skorzysta\u0107 z rozmaitych spos\u00f3b\u00f3w obni\u017cenia zad\u0142u\u017cenia lub pe\u0142nego odd\u0142u\u017cenia zachowuj\u0105c ca\u0142kowit\u0105 dyskrecj\u0119. W tym celu Justycja wsp\u00f3\u0142pracuje z czo\u0142ow\u0105 szkock\u0105 kancelari\u0105 finansow\u0105 specjalizuj\u0105c\u0105 si\u0119 [&hellip;]<\/p>\n","protected":false},"author":2,"featured_media":0,"parent":231,"menu_order":0,"comment_status":"open","ping_status":"open","template":"content-sidebar.php","meta":{"_acf_changed":false,"_locale":"pl_PL","_original_post":"185","footnotes":""},"class_list":["post-237","page","type-page","status-publish","hentry","pl-PL"],"acf":[],"_links":{"self":[{"href":"http:\/\/www.justycja.co.uk\/legal\/wp-json\/wp\/v2\/pages\/237","targetHints":{"allow":["GET"]}}],"collection":[{"href":"http:\/\/www.justycja.co.uk\/legal\/wp-json\/wp\/v2\/pages"}],"about":[{"href":"http:\/\/www.justycja.co.uk\/legal\/wp-json\/wp\/v2\/types\/page"}],"author":[{"embeddable":true,"href":"http:\/\/www.justycja.co.uk\/legal\/wp-json\/wp\/v2\/users\/2"}],"replies":[{"embeddable":true,"href":"http:\/\/www.justycja.co.uk\/legal\/wp-json\/wp\/v2\/comments?post=237"}],"version-history":[{"count":0,"href":"http:\/\/www.justycja.co.uk\/legal\/wp-json\/wp\/v2\/pages\/237\/revisions"}],"up":[{"embeddable":true,"href":"http:\/\/www.justycja.co.uk\/legal\/wp-json\/wp\/v2\/pages\/231"}],"wp:attachment":[{"href":"http:\/\/www.justycja.co.uk\/legal\/wp-json\/wp\/v2\/media?parent=237"}],"curies":[{"name":"wp","href":"https:\/\/api.w.org\/{rel}","templated":true}]}}