{"id":235,"date":"2014-10-05T14:47:50","date_gmt":"2014-10-05T14:47:50","guid":{"rendered":"http:\/\/beta.complito.com\/justycja-legal\/?page_id=235"},"modified":"2014-10-05T14:47:50","modified_gmt":"2014-10-05T14:47:50","slug":"umowy-handlowe-i-cywilne","status":"publish","type":"page","link":"http:\/\/www.justycja.co.uk\/legal\/pl\/uslugi\/umowy-handlowe-i-cywilne\/","title":{"rendered":"Umowy handlowe i cywilne"},"content":{"rendered":"<p>Wymogi prawne dotycz\u0105ce um\u00f3w handlowych i cywilnych s\u0105 skomplikowane i mog\u0105 z \u0142atwo\u015bci\u0105 odci\u0105gn\u0105\u0107 Ciebie od innych wa\u017cnych dla Ciebie spraw zawodowych b\u0105d\u017a czasu sp\u0119dzonego z rodzin\u0105.<br \/>\nNasi prawnicy oferuj\u0105 Ci swoje do\u015bwiadcznie i wiedz\u0119, kt\u00f3re s\u0105 dla Ciebie niezb\u0119dne niezale\u017cnie od tego czy prawdzisz dzia\u0142alno\u015b\u0107 gospodarcz\u0105 czy jeste\u015b osob\u0105 prywatn\u0105. Nasza pomoc mo\u017ce dotyczy\u0107 m.in.:<br \/>\n&#8211;\u00a0\u00a0\u00a0\u00a0\u00a0\u00a0\u00a0\u00a0\u00a0 Kupna lub sprzeda\u017cy lokalu wymagaj\u0105cego okre\u015blonych licencji takich jak hotele, restauracje, sklepy, przychodnie lekarskie oraz dentystyczne<br \/>\n&#8211;\u00a0\u00a0\u00a0\u00a0\u00a0\u00a0\u00a0\u00a0\u00a0 Doradztwo na temat um\u00f3w najmu, licencji oraz czynsz\u00f3w tak dla w\u0142a\u015bcicieli nieruchomo\u015bci jak i os\u00f3b je wynajmuj\u0105cych<br \/>\n&#8211;\u00a0\u00a0\u00a0\u00a0\u00a0\u00a0\u00a0\u00a0\u00a0\u00a0Zak\u0142adania, sprzeda\u017cy b\u0105d\u017a kupna sp\u00f3\u0142ek i innych\u00a0form dzia\u0142alno\u015bci gospodarczej<br \/>\n&#8211;\u00a0\u00a0\u00a0\u00a0\u00a0\u00a0\u00a0\u00a0\u00a0 Porady dla kredytobiorc\u00f3wna temat zabezpieczenia kredytu w postaci papier\u00f3w warto\u015bciowych<br \/>\n&nbsp;<br \/>\n<p class=\"wpcf7-contact-form-not-found\"><strong>B\u0142\u0105d:<\/strong> Brak formularza kontaktowego.<\/p><\/p>\n","protected":false},"excerpt":{"rendered":"<p>Wymogi prawne dotycz\u0105ce um\u00f3w handlowych i cywilnych s\u0105 skomplikowane i mog\u0105 z \u0142atwo\u015bci\u0105 odci\u0105gn\u0105\u0107 Ciebie od innych wa\u017cnych dla Ciebie spraw zawodowych b\u0105d\u017a czasu sp\u0119dzonego z rodzin\u0105. Nasi prawnicy oferuj\u0105 Ci swoje do\u015bwiadcznie i wiedz\u0119, kt\u00f3re s\u0105 dla Ciebie niezb\u0119dne niezale\u017cnie od tego czy prawdzisz dzia\u0142alno\u015b\u0107 gospodarcz\u0105 czy jeste\u015b osob\u0105 prywatn\u0105. Nasza pomoc mo\u017ce dotyczy\u0107 [&hellip;]<\/p>\n","protected":false},"author":2,"featured_media":0,"parent":231,"menu_order":0,"comment_status":"open","ping_status":"open","template":"content-sidebar.php","meta":{"_acf_changed":false,"_locale":"pl_PL","_original_post":"127","footnotes":""},"class_list":["post-235","page","type-page","status-publish","hentry","pl-PL"],"acf":[],"_links":{"self":[{"href":"http:\/\/www.justycja.co.uk\/legal\/wp-json\/wp\/v2\/pages\/235","targetHints":{"allow":["GET"]}}],"collection":[{"href":"http:\/\/www.justycja.co.uk\/legal\/wp-json\/wp\/v2\/pages"}],"about":[{"href":"http:\/\/www.justycja.co.uk\/legal\/wp-json\/wp\/v2\/types\/page"}],"author":[{"embeddable":true,"href":"http:\/\/www.justycja.co.uk\/legal\/wp-json\/wp\/v2\/users\/2"}],"replies":[{"embeddable":true,"href":"http:\/\/www.justycja.co.uk\/legal\/wp-json\/wp\/v2\/comments?post=235"}],"version-history":[{"count":0,"href":"http:\/\/www.justycja.co.uk\/legal\/wp-json\/wp\/v2\/pages\/235\/revisions"}],"up":[{"embeddable":true,"href":"http:\/\/www.justycja.co.uk\/legal\/wp-json\/wp\/v2\/pages\/231"}],"wp:attachment":[{"href":"http:\/\/www.justycja.co.uk\/legal\/wp-json\/wp\/v2\/media?parent=235"}],"curies":[{"name":"wp","href":"https:\/\/api.w.org\/{rel}","templated":true}]}}