{"id":231,"date":"2014-10-05T14:12:07","date_gmt":"2014-10-05T14:12:07","guid":{"rendered":"http:\/\/beta.complito.com\/justycja-legal\/?page_id=231"},"modified":"2014-10-05T14:12:07","modified_gmt":"2014-10-05T14:12:07","slug":"uslugi","status":"publish","type":"page","link":"http:\/\/www.justycja.co.uk\/legal\/pl\/uslugi\/","title":{"rendered":"Us\u0142ugi"},"content":{"rendered":"<p>Dzi\u0119ki naszej wieloletniej wsp\u00f3\u0142pracy ze szkockimi kancelariami, nasi t\u0142umacze pomog\u0105 Pa\u0144stwu czu\u0107 si\u0119 swobodnie kiedy zechc\u0105 Pa\u0144stwo powierzy\u0107 swoje problemy lokalnym prawnikom. Dzi\u0119ki temu mo\u017cemy Pa\u0144stwu pom\u00f3c tak\u017ce w sprawach prawnych.<br \/>\nPobierz broszur\u0119<br \/>\n&nbsp;<\/p>\n","protected":false},"excerpt":{"rendered":"<p>Dzi\u0119ki naszej wieloletniej wsp\u00f3\u0142pracy ze szkockimi kancelariami, nasi t\u0142umacze pomog\u0105 Pa\u0144stwu czu\u0107 si\u0119 swobodnie kiedy zechc\u0105 Pa\u0144stwo powierzy\u0107 swoje problemy lokalnym prawnikom. Dzi\u0119ki temu mo\u017cemy Pa\u0144stwu pom\u00f3c tak\u017ce w sprawach prawnych. Pobierz broszur\u0119 &nbsp;<\/p>\n","protected":false},"author":2,"featured_media":0,"parent":0,"menu_order":0,"comment_status":"open","ping_status":"open","template":"content-sidebar.php","meta":{"_acf_changed":false,"_locale":"pl_PL","_original_post":"114","footnotes":""},"class_list":["post-231","page","type-page","status-publish","hentry","pl-PL"],"acf":[],"_links":{"self":[{"href":"http:\/\/www.justycja.co.uk\/legal\/wp-json\/wp\/v2\/pages\/231","targetHints":{"allow":["GET"]}}],"collection":[{"href":"http:\/\/www.justycja.co.uk\/legal\/wp-json\/wp\/v2\/pages"}],"about":[{"href":"http:\/\/www.justycja.co.uk\/legal\/wp-json\/wp\/v2\/types\/page"}],"author":[{"embeddable":true,"href":"http:\/\/www.justycja.co.uk\/legal\/wp-json\/wp\/v2\/users\/2"}],"replies":[{"embeddable":true,"href":"http:\/\/www.justycja.co.uk\/legal\/wp-json\/wp\/v2\/comments?post=231"}],"version-history":[{"count":0,"href":"http:\/\/www.justycja.co.uk\/legal\/wp-json\/wp\/v2\/pages\/231\/revisions"}],"wp:attachment":[{"href":"http:\/\/www.justycja.co.uk\/legal\/wp-json\/wp\/v2\/media?parent=231"}],"curies":[{"name":"wp","href":"https:\/\/api.w.org\/{rel}","templated":true}]}}